















{"id":1201,"date":"2024-02-04T10:29:05","date_gmt":"2024-02-04T03:29:05","guid":{"rendered":"https:\/\/www.excelsior-th.com\/?page_id=1201"},"modified":"2024-02-04T10:49:38","modified_gmt":"2024-02-04T03:49:38","slug":"why-choose-us","status":"publish","type":"page","link":"https:\/\/www.excelsior-th.com\/fr\/why-choose-us\/","title":{"rendered":"POURQUOI NOUS CHOISIR ?"},"content":{"rendered":"<div data-elementor-type=\"wp-page\" data-elementor-id=\"1201\" class=\"elementor elementor-1201\">\n\t\t\t\t\t\t<section class=\"elementor-section elementor-top-section elementor-element elementor-element-3c61388 elementor-section-full_width elementor-section-height-default elementor-section-height-default\" data-id=\"3c61388\" data-element_type=\"section\">\n\t\t\t\t\t\t<div class=\"elementor-container elementor-column-gap-no\">\n\t\t\t\t\t<div class=\"elementor-column elementor-col-100 elementor-top-column elementor-element elementor-element-50d23e6\" data-id=\"50d23e6\" data-element_type=\"column\">\n\t\t\t<div class=\"elementor-widget-wrap elementor-element-populated\">\n\t\t\t\t\t\t<div class=\"elementor-element elementor-element-2d5996b elementor-widget elementor-widget-shortcode\" data-id=\"2d5996b\" data-element_type=\"widget\" data-widget_type=\"shortcode.default\">\n\t\t\t\t<div class=\"elementor-widget-container\">\n\t\t\t<article class=\"hide-on-mobile\">\n    <div class=\"main-banner\" style=\"margin-top:-2rem;\">\n        <img decoding=\"async\" src=\"https:\/\/www.excelsior-th.com\/wp-content\/themes\/generatepress_child\/assets\/pc\/banner\/why_choose_us-banner.png\" alt=\"\" class=\"img-fluid\">\n        <div class=\"why-banner-adsolute-text\">\n            <p class=\"font-w-500 text-g-blue text-1\">\n                POURQUOI NOUS CHOISIR ?\n            <\/p>\n            <br>\n            <p class=\"font-w-400 font-28px text-dark\">\n                AVEC PLUS DE 10 ANS<br>\n                &nbsp;&nbsp;&nbsp;&nbsp;&nbsp;&nbsp;&nbsp;&nbsp;D'EXPERTISE IMMOBILI\u00c8RE,\n            <\/p>\n            <p class=\"font-16px font-w-300 text-dark\">\n            &nbsp;&nbsp;&nbsp;&nbsp;&nbsp;<span class=\"font-w-400\">Excelsior<\/span> offre de nouvelles opportunit\u00e9s aux<br>\n            expatri\u00e9s cherchant leur maison id\u00e9ale en Tha\u00eflande.<br>\n            De la construction \u00e0 la gestion immobili\u00e8re, nos solutions<br>\n            compl\u00e8tes garantissent une exp\u00e9rience sereine et sans effort.\n            <\/p>\n        <\/div>\n    <\/div>\n    <section class=\"discover-team\">\n        <div class=\"w-80-center\">\n            <center>\n                <p class=\"font-30px font-w-400 text-blue\">\n                    D\u00c9COUVREZ NOTRE \u00c9QUIPE\n                <\/p>\n                <br><br>\n            <\/center>\n            <div class=\"discover-bg-card-box\" name=\"ltr\">\n                <div class=\"d-grid-ltr\">\n                    <div>\n                        <img decoding=\"async\" src=\"https:\/\/www.excelsior-th.com\/wp-content\/uploads\/2024\/04\/why_choose_us-banner-2.png\" alt=\"\" class=\"img-fluid\">\n                    <\/div>\n                    <div class=\"card-box-bg\">   \n                        <p class=\"text-blue font-w-500 font-28px\">\n                        Construction & Architect <br>\n                            <span class=\"font-w-400 text-dark font-24px\">Notre \u00e9quipe exceptionnelle d'architectes et d'ing\u00e9nieurs<\/span>\n                        <\/p>\n                        <p class=\"text-blue font-w-300 font-20px\">\n                            &nbsp;&nbsp;&nbsp;&nbsp;Ensemble, notre \u00e9quipe s'engage \u00e0 fournir des r\u00e9sultats exceptionnels et \u00e0 concr\u00e9tiser votre r\u00eave de maison  !\n                        <\/p>\n                    <\/div>\n                <\/div>\n            <\/div>\n            <div class=\"discover-bg-card-box\" name=\"rtl\">\n                <div class=\"d-grid-rtl\">\n                    <div class=\"card-box-bg\">\n                        <p class=\"text-blue font-w-500 font-28px\">\n                            \u00c9quipe de Vente <br>\n                            <span class=\"font-w-400 text-dark font-24px\">Notre \u00e9quipe de vente dynamique !<\/span>\n                        <\/p>\n                        <p class=\"text-blue font-w-300 font-20px\">\n                            &nbsp;&nbsp;&nbsp;&nbsp;Nous avons le plaisir de vous offrir des conseils et une assistance tout au long du processus. Nous parlons tha\u00ef, anglais et fran\u00e7ais !\n                        <\/p>\n                    <\/div>\n                    <div>\n                        <img decoding=\"async\" src=\"https:\/\/www.excelsior-th.com\/wp-content\/uploads\/2024\/04\/why_choose_us-banner-3.png\" alt=\"\" class=\"img-fluid\">\n                    <\/div>\n                <\/div>\n            <\/div>\n            <div class=\"discover-bg-card-box\" name=\"ltr\">\n                <div class=\"d-grid-ltr\">\n                    <div>\n                        <img decoding=\"async\" src=\"https:\/\/www.excelsior-th.com\/wp-content\/uploads\/2024\/05\/Admin-Team.png\" alt=\"\" class=\"img-fluid\">\n                    <\/div>\n                    <div class=\"card-box-bg\">\n                        <p class=\"text-blue font-w-500 font-28px\">\n                        Service Administratif<br>\n                            <span class=\"font-w-400 text-dark font-24px\">Rencontrez notre \u00e9quipe d\u2019administration<\/span>\n                        <\/p>\n                        <p class=\"text-blue font-w-300 font-20px\">\n                            &nbsp;&nbsp;&nbsp;&nbsp; Travaillant assid\u00fbment en coulisses, nous sommes l\u00e0 pour vous offrir un soutien fiable. Nous prenons \u00e9galement en charge la documentation avec minutie pour garantir une exp\u00e9rience client fluide.\n                        <\/p>\n                    <\/div>\n                <\/div>\n            <\/div>\n            <div class=\"discover-bg-card-box\" name=\"rtl\">\n                <div class=\"d-grid-rtl\">\n                    <div class=\"card-box-bg\">\n                        <p class=\"text-blue font-w-500 font-28px\">\n                            Directeur d'Excelsior <br>\n                            <span class=\"font-w-400 text-dark font-24px\">De la vision \u00e0 la mission :<\/span>\n                        <\/p>\n                        <p class=\"text-blue font-w-300 font-20px\">\n                            &nbsp;&nbsp;&nbsp;&nbsp;Nous aspirons \u00e0 la r\u00e9ussite \u00e0 chaque \u00e9tape de notre parcours. Merci de choisir Excelsior comme votre partenaire de confiance.\n                        <\/p>\n                    <\/div>\n                    <div>\n                        <img decoding=\"async\" src=\"https:\/\/www.excelsior-th.com\/wp-content\/uploads\/2024\/04\/why_choose_us-banner-5.png\" alt=\"\" class=\"img-fluid\">\n                    <\/div>\n                <\/div>\n            <\/div>\n        <\/div>\n    <\/section>\n<\/article>\n\n\n\n\n\n\n\n\n\n\n\n\n\n\n\n\n<article class=\"hide-on-pc\">\n    <div class=\"why_choose_us\" style=\"margin-top:-1rem;\">\n        <img decoding=\"async\" src=\"https:\/\/www.excelsior-th.com\/wp-content\/themes\/generatepress_child\/assets\/pc\/banner\/why_choose_us-banner.png\" alt=\"\" class=\"img-fluid\">\n        <div class=\"w-80-center\">\n            <div class=\"why-banner-adsolute-text\">\n                <p class=\"font-36px font-w-600 text-g-blue mb-1\">\n                    POURQUOI NOUS CHOISIR ?\n                <\/p>\n                <p class=\"font-w-400 font-20px text-dark\">\n                    AVEC PLUS DE 10 ANS D'EXPERTISE IMMOBILI\u00c8RE,\n                <\/p>\n                <p class=\"font-20px font-w-300 text-dark\">\n                &nbsp;&nbsp;&nbsp;&nbsp;<span class=\"font-w-400\">Excelsior<\/span> offre de nouvelles opportunit\u00e9s aux expatri\u00e9s cherchant leur maison id\u00e9ale en Tha\u00eflande. De la construction \u00e0 la gestion immobili\u00e8re, nos solutions compl\u00e8tes garantissent une exp\u00e9rience sereine et sans effort.\n                <\/p>\n            <\/div>\n        <\/div>\n    <\/div>\n    <section class=\"discover-team\">\n        <div class=\"w-80-center\">\n            <center>\n                <p class=\"font-24px font-w-400 text-blue\">\n                    D\u00c9COUVREZ NOTRE \u00c9QUIPE\n                <\/p>\n            <\/center>\n            <div class=\"discover-bg-card-box\" name=\"ltr\">\n                <div class=\"d-grid-ltr\">\n                    <div>\n                        <img decoding=\"async\" src=\"https:\/\/www.excelsior-th.com\/wp-content\/uploads\/2024\/04\/why_choose_us-banner-2.png\" alt=\"\" class=\"img-fluid\">\n                    <\/div>\n                    <div class=\"card-box-bg\">   \n                        <p class=\"font-24px font-w-500 text-blue\">\n                        Construction & Architect <br>\n                            <span class=\"font-20px font-w-400 text-dark\">Notre \u00e9quipe exceptionnelle d'architectes et d'ing\u00e9nieurs<\/span>\n                        <\/p>\n                        <p class=\"font-20px font-w-300 text-blue mb-0\">\n                            &nbsp;&nbsp;&nbsp;&nbsp;Ensemble, notre \u00e9quipe s'engage \u00e0 fournir des r\u00e9sultats exceptionnels et \u00e0 concr\u00e9tiser votre r\u00eave de maison  !\n                        <\/p>\n                    <\/div>\n                <\/div>\n            <\/div>\n            <div class=\"discover-bg-card-box\" name=\"rtl\">\n                <div class=\"d-grid-rtl\">\n                    <div>\n                        <img decoding=\"async\" src=\"https:\/\/www.excelsior-th.com\/wp-content\/uploads\/2024\/04\/why_choose_us-banner-3.png\" alt=\"\" class=\"img-fluid\">\n                    <\/div>\n                    <div class=\"card-box-bg\">\n                        <p class=\"font-24px font-w-500 text-blue\">\n                            \u00c9quipe de Vente <br>\n                            <span class=\"font-20px font-w-400 text-dark\">Notre \u00e9quipe de vente dynamique !<\/span>\n                        <\/p>\n                        <p class=\"font-20px font-w-300 text-blue mb-0\">\n                            &nbsp;&nbsp;&nbsp;&nbsp;Nous avons le plaisir de vous offrir des conseils et une assistance tout au long du processus. Nous parlons tha\u00ef, anglais et fran\u00e7ais !\n                        <\/p>\n                    <\/div>\n                <\/div>\n            <\/div>\n            <div class=\"discover-bg-card-box\" name=\"ltr\">\n                <div class=\"d-grid-ltr\">\n                    <div>\n                        <img decoding=\"async\" src=\"https:\/\/www.excelsior-th.com\/wp-content\/uploads\/2024\/05\/Admin-Team.png\" alt=\"\" class=\"img-fluid\">\n                    <\/div>\n                    <div class=\"card-box-bg\">\n                        <p class=\"text-blue font-w-500 font-24px\">\n                        Service Administratif<br>\n                            <span class=\"font-20px font-w-400 text-dark\">Rencontrez notre \u00e9quipe d\u2019administration<\/span>\n                        <\/p>\n                        <p class=\"font-20px font-w-300 text-blue mb-0\">\n                            &nbsp;&nbsp;&nbsp;&nbsp; Travaillant assid\u00fbment en coulisses, nous sommes l\u00e0 pour vous offrir un soutien fiable. Nous prenons \u00e9galement en charge la documentation avec minutie pour garantir une exp\u00e9rience client fluide.\n                        <\/p>\n                    <\/div>\n                <\/div>\n            <\/div>\n            <div class=\"discover-bg-card-box\" name=\"rtl\">\n                <div class=\"d-grid-rtl\">\n                    <div>\n                        <img decoding=\"async\" src=\"https:\/\/www.excelsior-th.com\/wp-content\/uploads\/2024\/04\/why_choose_us-banner-5.png\" alt=\"\" class=\"img-fluid\">\n                    <\/div>\n                    <div class=\"card-box-bg\">\n                        <p class=\"font-w-500 font-24px text-blue\">\n                            Directeur d'Excelsior <br>\n                            <span class=\"font-20px font-w-400 text-dark\">De la vision \u00e0 la mission :<\/span>\n                        <\/p>\n                        <p class=\"font-20px font-w-300 text-blue mb-0\">\n                            &nbsp;&nbsp;&nbsp;&nbsp;Nous aspirons \u00e0 la r\u00e9ussite \u00e0 chaque \u00e9tape de notre parcours. Merci de choisir Excelsior comme votre partenaire de confiance.\n                        <\/p>\n                    <\/div>\n                <\/div>\n            <\/div>\n        <\/div>\n    <\/section>\n<\/article>\n\t\t<div class=\"elementor-shortcode\"><\/div>\n\t\t\t\t<\/div>\n\t\t\t\t<\/div>\n\t\t\t\t\t<\/div>\n\t\t<\/div>\n\t\t\t\t\t<\/div>\n\t\t<\/section>\n\t\t\t\t<\/div>","protected":false},"excerpt":{"rendered":"","protected":false},"author":1,"featured_media":0,"parent":0,"menu_order":0,"comment_status":"closed","ping_status":"closed","template":"","meta":{"_themeisle_gutenberg_block_has_review":false,"footnotes":""},"class_list":["post-1201","page","type-page","status-publish"],"acf":[],"_links":{"self":[{"href":"https:\/\/www.excelsior-th.com\/fr\/wp-json\/wp\/v2\/pages\/1201","targetHints":{"allow":["GET"]}}],"collection":[{"href":"https:\/\/www.excelsior-th.com\/fr\/wp-json\/wp\/v2\/pages"}],"about":[{"href":"https:\/\/www.excelsior-th.com\/fr\/wp-json\/wp\/v2\/types\/page"}],"author":[{"embeddable":true,"href":"https:\/\/www.excelsior-th.com\/fr\/wp-json\/wp\/v2\/users\/1"}],"replies":[{"embeddable":true,"href":"https:\/\/www.excelsior-th.com\/fr\/wp-json\/wp\/v2\/comments?post=1201"}],"version-history":[{"count":6,"href":"https:\/\/www.excelsior-th.com\/fr\/wp-json\/wp\/v2\/pages\/1201\/revisions"}],"predecessor-version":[{"id":1207,"href":"https:\/\/www.excelsior-th.com\/fr\/wp-json\/wp\/v2\/pages\/1201\/revisions\/1207"}],"wp:attachment":[{"href":"https:\/\/www.excelsior-th.com\/fr\/wp-json\/wp\/v2\/media?parent=1201"}],"curies":[{"name":"wp","href":"https:\/\/api.w.org\/{rel}","templated":true}]}}