















{"id":1060,"date":"2023-03-28T22:30:26","date_gmt":"2023-03-28T15:30:26","guid":{"rendered":"https:\/\/www.excelsior-th.com\/?page_id=1060"},"modified":"2024-03-26T15:00:11","modified_gmt":"2024-03-26T08:00:11","slug":"about-us","status":"publish","type":"page","link":"https:\/\/www.excelsior-th.com\/fr\/about-us\/","title":{"rendered":"\u00c0 PROPOS"},"content":{"rendered":"<div data-elementor-type=\"wp-page\" data-elementor-id=\"1060\" class=\"elementor elementor-1060\">\n\t\t\t\t\t\t<section class=\"elementor-section elementor-top-section elementor-element elementor-element-d9d612c elementor-section-full_width elementor-section-height-default elementor-section-height-default\" data-id=\"d9d612c\" data-element_type=\"section\">\n\t\t\t\t\t\t<div class=\"elementor-container elementor-column-gap-no\">\n\t\t\t\t\t<div class=\"elementor-column elementor-col-100 elementor-top-column elementor-element elementor-element-ef8fa65\" data-id=\"ef8fa65\" data-element_type=\"column\">\n\t\t\t<div class=\"elementor-widget-wrap elementor-element-populated\">\n\t\t\t\t\t\t<div class=\"elementor-element elementor-element-4976ec6 elementor-widget elementor-widget-shortcode\" data-id=\"4976ec6\" data-element_type=\"widget\" data-widget_type=\"shortcode.default\">\n\t\t\t\t<div class=\"elementor-widget-container\">\n\t\t\t<article class=\"hide-on-mobile\">\n    <div class=\"main-banner\" style=\"margin-top:-2rem;\">\n        <img decoding=\"async\" src=\"https:\/\/www.excelsior-th.com\/wp-content\/themes\/generatepress_child\/assets\/pc\/banner\/about-banner.png\" alt=\"\" class=\"img-fluid\">\n    <\/div>\n    <section class=\"buy\">\n        <div class=\"w-80-center\">\n            <p class=\"font-w-500 text-gold text-1 text-uppercase\">\n                \u00c0 Propos de\n            <\/p>\n        <\/div>\n    <\/section>\n    <section class=\"about\">\n        <div class=\"w-80-center\">\n            <p class=\"font-24px font-w-400 text-blue\">\n                EXCELSIOR\n            <\/p>\n            <p class=\"font-20px font-w-300 text-dark translation-block\">Notre logo, 'l'Ange', incarne la personnalit\u00e9 gracieuse d\u00e9di\u00e9e au soutien des autres. Lorsque vous observez attentivement le logo, vous d\u00e9couvrez des \u00e9l\u00e9ments cach\u00e9s porteurs de significations profondes. Explorons chaque \u00e9l\u00e9ment:<\/p>\n            <br>\n            <div class=\"d-grid grid-2col-about\">\n                <div class=\"img-logo d-flex justify-content-center\">\n                    <img decoding=\"async\" src=\"https:\/\/www.excelsior-th.com\/wp-content\/themes\/generatepress_child\/assets\/pc\/banner\/about-logo.png\" alt=\"\" class=\"img-fluid\">\n                <\/div>\n                <div class=\"text-about\">\n                    <p class=\"font-20px font-w-300 text-dark translation-block\">\u2022 <span class=\"font-w-400\">'Les mains'<\/span> symbolisent notre \u00e9quit\u00e9 dans la relation de donnant-donnant que nous entretenons avec nos clients.<br><br>\n                        \u2022 Ensuite, <span class=\"font-w-400\">'La montagne'<\/span> symbolise la stabilit\u00e9 et la force de l'entreprise.<br><br>\n                        \u2022 Lorsque vous observez l'ensemble de notre logo, vous d\u00e9couvrirez la pr\u00e9sence d'une<span class=\"font-w-400\"> \"Pi\u00e8ce d'Or\"<\/span>, symbolisant l'abondance et la prosp\u00e9rit\u00e9 que notre entreprise aspire \u00e0 vous offrir.<br><br>\n                         \u00a0\u00a0Dans son ensemble, la conception soigneusement \u00e9labor\u00e9e du logo souligne notre engagement \u00e0 am\u00e9liorer votre richesse et votre prosp\u00e9rit\u00e9 globale.<\/p>\n                <\/div>\n            <\/div>\n            <p class=\"font-24px font-w-400 text-blue\">\n                NOTRE HISTOIRE\n            <\/p>\n            <p class=\"font-20px font-w-300 text-dark\">\n                &nbsp;&nbsp;&nbsp;&nbsp;Il y a plusieurs ann\u00e9es que notre entreprise a \u00e9t\u00e9 fond\u00e9e. Nous avons commenc\u00e9 par de petits pas, en suivant ce principe inspirant : \"Aidez les autres \u00e0 r\u00e9aliser leurs r\u00eaves et vous r\u00e9aliserez les v\u00f4tres.\" <br><br>\n                &nbsp;&nbsp;&nbsp;&nbsp;Partant initialement de l'agriculture biologique pour soutenir la communaut\u00e9 locale tha\u00eflandaise, nous sommes devenus l'une des principales soci\u00e9t\u00e9s immobili\u00e8res d'aujourd'hui. Tout au long de ce parcours remarquable, nous avons accumul\u00e9 une exp\u00e9rience pr\u00e9cieuse pour vous offrir les meilleures solutions pour vivre en Tha\u00eflande. <br><br>\n                &nbsp;&nbsp;&nbsp;&nbsp;Notre approche nous distingue des autres entreprises immobiliers. Nous offrons \u00e0 nos clients des projets s\u00e9curis\u00e9s et garantis par des actifs tangibles. Notre initiative r\u00e9volutionnaire vous permet d'acqu\u00e9rir votre maison de r\u00eave en Tha\u00eflande - un v\u00e9ritable paradis - et de planifier soigneusement votre vie future ici. <br><br>\n            <\/p>\n            <br><br>\n            <center>\n                    <p class=\"font-24px font-w-300 text-dark\">Bienvenue chez <span class=\"font-36px font-w-400\">\"EXCELSIOR\"<\/span> o\u00f9 les r\u00eaves prennent vie !<\/p>\n            <\/center>\n        <\/div>\n    <\/section>\n    <section class=\"swiper-banner\">\n        <div class=\"swiper-about-pc swiper\" dir=\"ltr\">\n            <div class=\"shadow-l\"><\/div>\n            <div class=\"shadow-r\"><\/div>\n            <div class=\"swiper-wrapper\">\n                                                            <div class=\"swiper-slide swiper-slide--one\">\n                            <div>\n                                <img decoding=\"async\" src=\"https:\/\/www.excelsior-th.com\/wp-content\/uploads\/2024\/03\/about-swiper-1.png\" alt=\"\" class=\"img-fluid\">\n                            <\/div>\n                        <\/div>\n                                            <div class=\"swiper-slide swiper-slide--one\">\n                            <div>\n                                <img decoding=\"async\" src=\"https:\/\/www.excelsior-th.com\/wp-content\/uploads\/2024\/03\/about-swiper-2.png\" alt=\"\" class=\"img-fluid\">\n                            <\/div>\n                        <\/div>\n                                            <div class=\"swiper-slide swiper-slide--one\">\n                            <div>\n                                <img decoding=\"async\" src=\"https:\/\/www.excelsior-th.com\/wp-content\/uploads\/2024\/03\/about-swiper-3.png\" alt=\"\" class=\"img-fluid\">\n                            <\/div>\n                        <\/div>\n                                            <div class=\"swiper-slide swiper-slide--one\">\n                            <div>\n                                <img decoding=\"async\" src=\"https:\/\/www.excelsior-th.com\/wp-content\/uploads\/2024\/03\/about-swiper-4.png\" alt=\"\" class=\"img-fluid\">\n                            <\/div>\n                        <\/div>\n                                                <\/div>\n            <!-- Add Pagination -->\n            <div class=\"swiper-button-next\"><\/div>\n            <div class=\"swiper-button-prev\"><\/div>\n        <\/div>\n        <script>\n            var swiper = new Swiper(\".swiper-about-pc\", {\n                slidesPerView: \"4\",\n                loop: true,\n                spaceBetween: 10,\n                coverflowEffect: {\n                    slideShadows: true\n                },\n                navigation: {\n                    nextEl: \".swiper-button-next\",\n                    prevEl: \".swiper-button-prev\",\n                },\n                pagination: {\n                    clickable: true,\n                    el: \".swiper-pagination\"\n                },\n            });\n        <\/script>\n    <\/section>\n    <section class=\"about\">\n        <div class=\"w-80-center\">\n            <p class=\"font-24px font-w-400 text-blue\">\n                NOTRE MISSION\n            <\/p>\n            <p class=\"font-20px font-w-300 text-blue\">\n                <span class=\"font-w-400\" style=\"font-style: italic\">&nbsp;&nbsp;&nbsp;&nbsp;&nbsp;&nbsp;&nbsp;&nbsp;-- Votre Bonheur, Notre Priorit\u00e9. --<\/span><br>\n                &nbsp;&nbsp;&nbsp;&nbsp;Notre mission est d\u2019offrir aux expatri\u00e9s une meilleure qualit\u00e9 de vie en Tha\u00eflande. Nous comprenons leur envie de confort et de bien-\u00eatre, et nous travaillons pour la concr\u00e9tiser.\n            <\/p>\n            <br>\n            <br>\n            <p class=\"font-24px font-w-400 text-blue\">\n                NOTRE STRAT\u00c9GIE\n            <\/p>\n            <p class=\"font-20px font-w-300 text-blue\">\n                &nbsp;&nbsp;&nbsp;&nbsp;Nous construisons des maisons modernes de qualit\u00e9 sup\u00e9rieure, avec des options de styles occidentaux et traditionnels pour r\u00e9pondre aux besoins vari\u00e9s de nos r\u00e9sidents. Notre objectif est de leur offrir une retraite paisible et \u00e9panouissante dans leur maison id\u00e9al.\n            <\/p>\n            <br>\n            <br>\n            <p class=\"font-24px font-w-400 text-blue\">\n                NOS SERVICES\n            <\/p>\n            <p class=\"font-20px font-w-300 text-blue\">\n                &nbsp;&nbsp;&nbsp;&nbsp;Excelsior est reconnu pour la qualit\u00e9 de nos maisons ainsi que notre respect des budgets et des d\u00e9lais de construction.<br>\n                &nbsp;&nbsp;&nbsp;&nbsp;Nous proposons un service de construction tout-en-un, comprenant des services de consultation en gestion immobili\u00e8re de toutes sortes. Avec nos services de construction complets, nous g\u00e9rons chaque aspect du d\u00e9but \u00e0 la fin. Nos clients peuvent avoir confiance en notre entreprise, sachant que nous m\u00e8nerons les travaux \u00e0 bien rapidement et dans les limites du budget. Gr\u00e2ce \u00e0 notre expertise, nous garantissons une exp\u00e9rience de construction fluide et r\u00e9ussie. <br><br>\n                \u2713 Services de consultation pr\u00e9-construction<br>\n                \u2713 Conception ext\u00e9rieure et int\u00e9rieure<br>\n                \u2713 Gestion et supervision de la construction<br>\n                \u2713 Gestion immobili\u00e8re<br>\n            <\/p>\n            <br>\n            <br>\n        <\/div>\n    <\/section>\n    <section class=\"banner-section-3\" id=\"gurantee_section\">\n        <div class=\"d-grid-2col banner-section-3\">\n            <div class=\"about-us-banner-2\">\n                <img decoding=\"async\" src=\"https:\/\/www.excelsior-th.com\/wp-content\/themes\/generatepress_child\/assets\/pc\/banner\/about-banner-2.png\" alt=\"\" class=\"img-fluid\">\n            <\/div>\n            \n            <div class=\"about-text-section\">\n                <p class=\"text-blue font-w-400 font-24px\">\n                    GARANTIE <br>\n                    <span class=\"font-20px font-w-300 text-blue font-16px\">\u2018LA GARANTIE POUR S\u00c9CURISER VOTRE AVENIR\u2019<\/span>\n                <\/p>\n                <p class=\"text-blue font-w-300 font-20px\">\n                    &nbsp;&nbsp;&nbsp;&nbsp;Votre s\u00e9curit\u00e9 \u00e9tant notre priorit\u00e9 absolue, nous comprenons que poss\u00e9der une propri\u00e9t\u00e9 en dehors de votre pays peut susciter des inqui\u00e9tudes. Pour y rem\u00e9dier, nous offrons deux garanties pour assurer votre tranquillit\u00e9 d'esprit et la s\u00fbret\u00e9 de votre propri\u00e9t\u00e9.\n                <\/p>\n                <p class=\"font-20px font-w-300 text-blue\">\n                    &nbsp;&nbsp;&nbsp;&nbsp;Premi\u00e8rement, nous veillons \u00e0 ce que votre nom soit bien inscrit sur le titre de propri\u00e9t\u00e9.\n                <\/p>\n                <p class=\"font-20px font-w-300 text-blue\">\n                    &nbsp;&nbsp;&nbsp;&nbsp;Deuxi\u00e8mement, nous proposons un testament approuv\u00e9 par un avocat agr\u00e9\u00e9, renfor\u00e7ant davantage vos droits et vos biens.\n                <\/p>\n                <p class=\"font-20px font-w-300 text-blue\">\n                    \u2713 Poss\u00e9der une maison en toute s\u00e9curit\u00e9 et stabilit\u00e9 <br>\n                    \u2713 Avoir votre nom sur le titre de propri\u00e9t\u00e9 <br>\n                    \u2713 Un testament prot\u00e9geant vos h\u00e9ritiers <br>\n                <\/p>\n            <\/div>\n        <\/div>\n    <\/section>\n<\/article>\n\n\n\n<article class=\"hide-on-pc\">\n    <div class=\"\" style=\"margin-top:-1rem;\">\n        <img decoding=\"async\" src=\"https:\/\/www.excelsior-th.com\/wp-content\/themes\/generatepress_child\/assets\/mobile\/banner\/about-banner.png\" alt=\"\" class=\"img-fluid\">\n        <div class=\"w-80-center\">\n            <p class=\"font-36px font-w-500 text-gold text-uppercase mt-5 mb-5\">\n                \u00c0 Propos de\n            <\/p>\n        <\/div>\n    <\/div>\n    <section class=\"about-text\">\n        <div class=\"w-80-center\">\n            <p class=\"font-24px font-w-400 text-dark mb-1\">\n                EXCELSIOR\n            <\/p>\n            <p class=\"font-20px font-w-300 text-dark translation-block\">Notre logo, 'l'Ange', incarne la personnalit\u00e9 gracieuse d\u00e9di\u00e9e au soutien des autres. Lorsque vous observez attentivement le logo, vous d\u00e9couvrez des \u00e9l\u00e9ments cach\u00e9s porteurs de significations profondes. Explorons chaque \u00e9l\u00e9ment:<\/p>\n            <div class=\"img-logo d-flex justify-content-center mt-3 mb-3\">\n                <img decoding=\"async\" src=\"https:\/\/www.excelsior-th.com\/wp-content\/themes\/generatepress_child\/assets\/mobile\/banner\/about-logo.png\" alt=\"\" class=\"w-75\">\n            <\/div>\n            <div class=\"check gap-row\">\n                <p class=\"font-20px font-w-300 text-dark text-right mb-0\">\u2022<\/p>\n                <p class=\"font-20px font-w-300 text-dark mb-0\"><span class=\"font-w-400\">'Les mains'<\/span> symbolisent notre \u00e9quit\u00e9 dans la relation de donnant-donnant que nous entretenons avec nos clients. <br><\/p>\n                <p class=\"font-20px font-w-300 text-dark text-right mb-0\">\u2022<\/p>\n                <p class=\"font-20px font-w-300 text-dark mb-0\">Ensuite, <span class=\"font-w-400\">'La montagne'<\/span> symbolise la stabilit\u00e9 et la force de l'entreprise.<br><\/p>\n                <p class=\"font-20px font-w-300 text-dark text-right mb-0\">\u2022<\/p>\n                <p class=\"font-20px font-w-300 text-dark mb-0\">Lorsque vous observez l'ensemble de notre logo, vous d\u00e9couvrirez la pr\u00e9sence d'une <span class=\"font-w-400\">\"Pi\u00e8ce d'Or\",<\/span> symbolisant l'abondance et la prosp\u00e9rit\u00e9 que notre entreprise aspire \u00e0 vous offrir.<br><\/p>\n            <\/div>\n            <p class=\"font-20px font-w-300 text-dark mt-5 mb-5\">\n                &nbsp;&nbsp;&nbsp;&nbsp;Dans son ensemble, la conception soigneusement \u00e9labor\u00e9e du logo souligne notre engagement \u00e0 am\u00e9liorer votre richesse et votre prosp\u00e9rit\u00e9 globale.\n            <\/p>\n            <p class=\"font-20px font-w-400 text-dark mt-5 mb-5\">\n                NOTRE HISTOIRE\n            <\/p>\n            <p class=\"font-20px font-w-300 text-dark mt-3 mb-3\">\n                &nbsp;&nbsp;&nbsp;&nbsp;Il y a plusieurs ann\u00e9es que notre entreprise a \u00e9t\u00e9 fond\u00e9e. Nous avons commenc\u00e9 par de petits pas, en suivant ce principe inspirant : \"Aidez les autres \u00e0 r\u00e9aliser leurs r\u00eaves et vous r\u00e9aliserez les v\u00f4tres.\"\n            <\/p>\n            <p class=\"font-20px font-w-300 text-dark mt-3 mb-3\">\n                &nbsp;&nbsp;&nbsp;&nbsp;Partant initialement de l'agriculture biologique pour soutenir la communaut\u00e9 locale tha\u00eflandaise, nous sommes devenus l'une des principales soci\u00e9t\u00e9s immobili\u00e8res d'aujourd'hui. Tout au long de ce parcours remarquable, nous avons accumul\u00e9 une exp\u00e9rience pr\u00e9cieuse pour vous offrir les meilleures solutions pour vivre en Tha\u00eflande.\n            <\/p>\n            <p class=\"font-20px font-w-300 text-dark mt-3 mb-3\">\n                &nbsp;&nbsp;&nbsp;&nbsp;Notre approche nous distingue des autres entreprises immobiliers. Nous offrons \u00e0 nos clients des projets s\u00e9curis\u00e9s et garantis par des actifs tangibles. Notre initiative r\u00e9volutionnaire vous permet d'acqu\u00e9rir votre maison de r\u00eave en Tha\u00eflande - un v\u00e9ritable paradis - et de planifier soigneusement votre vie future ici.\n            <\/p>\n            <center>\n            <p class=\"font-20px font-w-300 text-dark mt-3 mb-3\">\n                Bienvenue chez <span class=\"font-w-500\">\"EXCELSIOR\"<\/span> o\u00f9 les r\u00eaves prennent vie !\n            <\/p>\n            <\/center>\n        <\/div>\n    <\/section>\n    <section class=\"swiper-banner\">\n        <div class=\"swiper-about-mobile swiper\" dir=\"ltr\">\n            <div class=\"shadow-l\"><\/div>\n            <div class=\"shadow-r\"><\/div>\n            <div class=\"swiper-wrapper\">\n                                                            <div class=\"swiper-slide swiper-slide--one\">\n                            <div>\n                                <img decoding=\"async\" src=\"https:\/\/www.excelsior-th.com\/wp-content\/uploads\/2024\/03\/about-swiper-1.png\" alt=\"\" class=\"img-fluid\">\n                            <\/div>\n                        <\/div>\n                                            <div class=\"swiper-slide swiper-slide--one\">\n                            <div>\n                                <img decoding=\"async\" src=\"https:\/\/www.excelsior-th.com\/wp-content\/uploads\/2024\/03\/about-swiper-2.png\" alt=\"\" class=\"img-fluid\">\n                            <\/div>\n                        <\/div>\n                                            <div class=\"swiper-slide swiper-slide--one\">\n                            <div>\n                                <img decoding=\"async\" src=\"https:\/\/www.excelsior-th.com\/wp-content\/uploads\/2024\/03\/about-swiper-3.png\" alt=\"\" class=\"img-fluid\">\n                            <\/div>\n                        <\/div>\n                                            <div class=\"swiper-slide swiper-slide--one\">\n                            <div>\n                                <img decoding=\"async\" src=\"https:\/\/www.excelsior-th.com\/wp-content\/uploads\/2024\/03\/about-swiper-4.png\" alt=\"\" class=\"img-fluid\">\n                            <\/div>\n                        <\/div>\n                                                <\/div>\n            <!-- Add Pagination -->\n            <div class=\"swiper-button-next\"><\/div>\n            <div class=\"swiper-button-prev\"><\/div>\n        <\/div>\n        <script>\n            var swiper = new Swiper(\".swiper-about-mobile\", {\n                slidesPerView: \"2.5\",\n                loop: true,\n                spaceBetween: 10,\n                coverflowEffect: {\n                    slideShadows: true\n                },\n                navigation: {\n                    nextEl: \".swiper-button-next\",\n                    prevEl: \".swiper-button-prev\",\n                },\n                pagination: {\n                    clickable: true,\n                    el: \".swiper-pagination\"\n                },\n            });\n        <\/script>\n    <\/section>\n    <section class=\"about\">\n        <div class=\"w-80-center\">\n            <p class=\"font-20px font-w-500 text-blue\">\n                NOTRE MISSION\n            <\/p>\n            <p class=\"font-20px font-w-300 text-blue\">\n                <span class=\"font-w-400\" style=\"font-style: italic\">&nbsp;&nbsp;&nbsp;&nbsp;&nbsp;&nbsp;&nbsp;&nbsp;-- Votre Bonheur, Notre Priorit\u00e9. --<\/span><br>\n                &nbsp;&nbsp;&nbsp;&nbsp;Notre mission est d\u2019offrir aux expatri\u00e9s une meilleure qualit\u00e9 de vie en Tha\u00eflande. Nous comprenons leur envie de confort et de bien-\u00eatre, et nous travaillons pour la concr\u00e9tiser.\n            <\/p>\n            <br>\n            <p class=\"font-20px font-w-500 text-blue\">\n                NOTRE STRAT\u00c9GIE\n            <\/p>\n            <p class=\"font-20px font-w-300 text-blue\">\n                &nbsp;&nbsp;&nbsp;&nbsp;Nous construisons des maisons modernes de qualit\u00e9 sup\u00e9rieure, avec des options de styles occidentaux et traditionnels pour r\u00e9pondre aux besoins vari\u00e9s de nos r\u00e9sidents. Notre objectif est de leur offrir une retraite paisible et \u00e9panouissante dans leur maison id\u00e9al.\n            <\/p>\n            <br>\n            <p class=\"font-20px font-w-500 text-blue\">\n                NOS SERVICES\n            <\/p>\n            <p class=\"font-20px font-w-300 text-blue\">\n                &nbsp;&nbsp;&nbsp;&nbsp;Excelsior est reconnu pour la qualit\u00e9 de nos maisons ainsi que notre respect des budgets et des d\u00e9lais de construction.<br>\n                &nbsp;&nbsp;&nbsp;&nbsp;Nous proposons un service de construction tout-en-un, comprenant des services de consultation en gestion immobili\u00e8re de toutes sortes. Avec nos services de construction complets, nous g\u00e9rons chaque aspect du d\u00e9but \u00e0 la fin. Nos clients peuvent avoir confiance en notre entreprise, sachant que nous m\u00e8nerons les travaux \u00e0 bien rapidement et dans les limites du budget. Gr\u00e2ce \u00e0 notre expertise, nous garantissons une exp\u00e9rience de construction fluide et r\u00e9ussie. <br><br>\n                \u2713 Services de consultation pr\u00e9-construction<br>\n                \u2713 Conception ext\u00e9rieure et int\u00e9rieure<br>\n                \u2713 Gestion et supervision de la construction<br>\n                \u2713 Gestion immobili\u00e8re<br>\n            <\/p>\n            <br>\n        <\/div>\n    <\/section>\n    <section class=\"guarantee\" id=\"gurantee_section_mobile\">\n        <div class=\"d-grid-2col\">\n            <div class=\"about-us-banner-2\">\n                <img decoding=\"async\" src=\"https:\/\/www.excelsior-th.com\/wp-content\/themes\/generatepress_child\/assets\/pc\/banner\/about-banner-2.png\" alt=\"\" class=\"img-fluid\">\n            <\/div>\n            <div class=\"about-text-section\">\n                <div class=\"w-80-center\">\n                    <p class=\"text-blue font-w-400 font-24px\">\n                        GARANTIE <br>\n                        <span class=\"font-20px font-w-300 text-blue font-16px\">\u2018LA GARANTIE POUR S\u00c9CURISER VOTRE AVENIR\u2019<\/span>\n                    <\/p>\n                    <p class=\"text-blue font-w-300 font-20px\">\n                        &nbsp;&nbsp;&nbsp;&nbsp;Votre s\u00e9curit\u00e9 \u00e9tant notre priorit\u00e9 absolue, nous comprenons que poss\u00e9der une propri\u00e9t\u00e9 en dehors de votre pays peut susciter des inqui\u00e9tudes. Pour y rem\u00e9dier, nous offrons deux garanties pour assurer votre tranquillit\u00e9 d'esprit et la s\u00fbret\u00e9 de votre propri\u00e9t\u00e9.\n                    <\/p>\n                    <p class=\"font-20px font-w-300 text-blue\">\n                        &nbsp;&nbsp;&nbsp;&nbsp;Premi\u00e8rement, nous veillons \u00e0 ce que votre nom soit bien inscrit sur le titre de propri\u00e9t\u00e9.\n                    <\/p>\n                    <p class=\"font-20px font-w-300 text-blue\">\n                        &nbsp;&nbsp;&nbsp;&nbsp;Deuxi\u00e8mement, nous proposons un testament approuv\u00e9 par un avocat agr\u00e9\u00e9, renfor\u00e7ant davantage vos droits et vos biens.\n                    <\/p>\n                    <div class=\"check\">\n                        <p class=\"font-20px font-w-300 text-dark text-center mb-0\">\u2713<\/p>\n                        <p class=\"font-20px font-w-300 text-dark mb-0\">Poss\u00e9der une maison en toute s\u00e9curit\u00e9 et stabilit\u00e9<\/p>\n                        <p class=\"font-20px font-w-300 text-dark text-center mb-0\">\u2713<\/p>\n                        <p class=\"font-20px font-w-300 text-dark mb-0\">Avoir votre nom sur le titre de propri\u00e9t\u00e9<\/p>\n                        <p class=\"font-20px font-w-300 text-dark text-center mb-0\">\u2713<\/p>\n                        <p class=\"font-20px font-w-300 text-dark mb-0\">Un testament prot\u00e9geant vos h\u00e9ritiers<\/p>\n                    <\/div>\n                <\/div>\n            <\/div>\n        <\/div>\n    <\/section>   \n<\/article>\t\t<div class=\"elementor-shortcode\"><\/div>\n\t\t\t\t<\/div>\n\t\t\t\t<\/div>\n\t\t\t\t\t<\/div>\n\t\t<\/div>\n\t\t\t\t\t<\/div>\n\t\t<\/section>\n\t\t\t\t<\/div>","protected":false},"excerpt":{"rendered":"","protected":false},"author":1,"featured_media":0,"parent":0,"menu_order":0,"comment_status":"closed","ping_status":"closed","template":"","meta":{"_themeisle_gutenberg_block_has_review":false,"footnotes":""},"class_list":["post-1060","page","type-page","status-publish"],"acf":[],"_links":{"self":[{"href":"https:\/\/www.excelsior-th.com\/fr\/wp-json\/wp\/v2\/pages\/1060","targetHints":{"allow":["GET"]}}],"collection":[{"href":"https:\/\/www.excelsior-th.com\/fr\/wp-json\/wp\/v2\/pages"}],"about":[{"href":"https:\/\/www.excelsior-th.com\/fr\/wp-json\/wp\/v2\/types\/page"}],"author":[{"embeddable":true,"href":"https:\/\/www.excelsior-th.com\/fr\/wp-json\/wp\/v2\/users\/1"}],"replies":[{"embeddable":true,"href":"https:\/\/www.excelsior-th.com\/fr\/wp-json\/wp\/v2\/comments?post=1060"}],"version-history":[{"count":6,"href":"https:\/\/www.excelsior-th.com\/fr\/wp-json\/wp\/v2\/pages\/1060\/revisions"}],"predecessor-version":[{"id":1644,"href":"https:\/\/www.excelsior-th.com\/fr\/wp-json\/wp\/v2\/pages\/1060\/revisions\/1644"}],"wp:attachment":[{"href":"https:\/\/www.excelsior-th.com\/fr\/wp-json\/wp\/v2\/media?parent=1060"}],"curies":[{"name":"wp","href":"https:\/\/api.w.org\/{rel}","templated":true}]}}